{"id":2798,"date":"2015-07-07T12:40:26","date_gmt":"2015-07-07T12:40:26","guid":{"rendered":"http:\/\/lesjardinsdelauriol.fr\/index.php\/home\/"},"modified":"2024-02-26T16:12:54","modified_gmt":"2024-02-26T15:12:54","slug":"home","status":"publish","type":"page","link":"https:\/\/lesjardinsdelauriol.fr\/","title":{"rendered":"Accueil"},"content":{"rendered":"<section class=\"wpb-content-wrapper\"><p>[vc_row header_feature=&#8221;yes&#8221; padding_top=&#8221;120&#8243; padding_bottom=&#8221;120&#8243; margin_bottom=&#8221;0&#8243;][vc_column][vc_column_text animation=&#8221;fadeInLeft&#8221;]<span style=\"font-size: 32px;\"><b>Bienvenue en Ari\u00e8ge<\/b><\/span>[\/vc_column_text][vc_column_text text_style=&#8221;leader-text&#8221; animation=&#8221;fadeInLeft&#8221; animation_delay=&#8221;250&#8243;]Nous sommes heureux de vous accueillir au c\u0153ur du terrefort Ari\u00e9geois et son paysage typique de douces collines agricoles, dans le village d\u2019Unzent avec vue imprenable sur les Pyr\u00e9n\u00e9es. Au c\u0153ur d\u2019un domaine de 5 hectares vous viendrez partager avec nous un moment de calme dans une ferme r\u00e9nov\u00e9e datant de 1860.[\/vc_column_text][\/vc_column][\/vc_row][vc_row margin_bottom=&#8221;0&#8243; padding_bottom=&#8221;120&#8243;][vc_column width=&#8221;1\/3&#8243;]<div class=\"eut-element eut-slogan eut-align-left eut-animated-item eut-fadeInLeft\" style=\"\" data-delay=\"300\"><h4 class=\"eut-slogan-title eut-align-left eut-title-no-line\"><span>Village d'Unzent<\/span><\/h4>  <p class=\"\">D\u00e9couvez ce village de 130 habitants \u00e0 travers ses chemins de randonn\u00e9e<\/p>\n<p><\/p><\/div><div class=\"eut-element eut-box eut-align-left\" style=\"\"><div class=\"eut-media\"><img width=\"600\" height=\"400\" src=\"https:\/\/lesjardinsdelauriol.fr\/wp-content\/uploads\/2023\/01\/image.jpeg\" class=\"attachment-full size-full\" alt=\"\" decoding=\"async\" loading=\"lazy\" srcset=\"https:\/\/lesjardinsdelauriol.fr\/wp-content\/uploads\/2023\/01\/image.jpeg 600w, https:\/\/lesjardinsdelauriol.fr\/wp-content\/uploads\/2023\/01\/image-300x200.jpeg 300w\" sizes=\"(max-width: 600px) 100vw, 600px\" \/><\/div>  <div class=\"eut-box-content\">    <p><\/p>  <\/div><\/div>[\/vc_column][vc_column width=&#8221;1\/3&#8243;]<div class=\"eut-element eut-slogan eut-align-left eut-animated-item eut-fadeInLeft\" style=\"\" data-delay=\"400\"><h4 class=\"eut-slogan-title eut-align-left eut-title-no-line\"><span>Lac de la Laure<\/span><\/h4>  <p class=\"\">Autour du lac vous pourrez profiter d&#8217;un sentier de randonn\u00e9e accessible directement depuis votre g\u00eete apr\u00e8s 5 minutes de marche<\/p><\/div><div class=\"eut-element eut-box eut-align-left\" style=\"\"><div class=\"eut-media\"><img width=\"2000\" height=\"1500\" src=\"https:\/\/lesjardinsdelauriol.fr\/wp-content\/uploads\/2023\/01\/Lac.jpeg\" class=\"attachment-full size-full\" alt=\"\" decoding=\"async\" loading=\"lazy\" srcset=\"https:\/\/lesjardinsdelauriol.fr\/wp-content\/uploads\/2023\/01\/Lac.jpeg 2000w, https:\/\/lesjardinsdelauriol.fr\/wp-content\/uploads\/2023\/01\/Lac-300x225.jpeg 300w, https:\/\/lesjardinsdelauriol.fr\/wp-content\/uploads\/2023\/01\/Lac-1024x768.jpeg 1024w, https:\/\/lesjardinsdelauriol.fr\/wp-content\/uploads\/2023\/01\/Lac-768x576.jpeg 768w, https:\/\/lesjardinsdelauriol.fr\/wp-content\/uploads\/2023\/01\/Lac-1536x1152.jpeg 1536w, https:\/\/lesjardinsdelauriol.fr\/wp-content\/uploads\/2023\/01\/Lac-800x600.jpeg 800w, https:\/\/lesjardinsdelauriol.fr\/wp-content\/uploads\/2023\/01\/Lac-1920x1440.jpeg 1920w, https:\/\/lesjardinsdelauriol.fr\/wp-content\/uploads\/2023\/01\/Lac-600x450.jpeg 600w\" sizes=\"(max-width: 2000px) 100vw, 2000px\" \/><\/div>  <div class=\"eut-box-content\">    <p><\/p>  <\/div><\/div>[\/vc_column][vc_column width=&#8221;1\/3&#8243;]<div class=\"eut-element eut-slogan eut-align-left eut-animated-item eut-fadeInLeft\" style=\"\" data-delay=\"500\"><h4 class=\"eut-slogan-title eut-align-left eut-title-no-line\"><span>Saint Martin d'Oydes<\/span><\/h4>  <p class=\"\">Vous pourrez acc\u00e9der au village de Saint Martin d&#8217;Oydes en v\u00e9lo directement depuis le g\u00eete<\/p><\/div><div class=\"eut-element eut-box eut-align-left\" style=\"\"><div class=\"eut-media\"><img width=\"500\" height=\"323\" src=\"https:\/\/lesjardinsdelauriol.fr\/wp-content\/uploads\/2023\/01\/saint-martin.jpeg\" class=\"attachment-full size-full\" alt=\"\" decoding=\"async\" loading=\"lazy\" srcset=\"https:\/\/lesjardinsdelauriol.fr\/wp-content\/uploads\/2023\/01\/saint-martin.jpeg 500w, https:\/\/lesjardinsdelauriol.fr\/wp-content\/uploads\/2023\/01\/saint-martin-300x194.jpeg 300w\" sizes=\"(max-width: 500px) 100vw, 500px\" \/><\/div>  <div class=\"eut-box-content\">    <p><\/p>  <\/div><\/div>[\/vc_column][\/vc_row][vc_row section_type=&#8221;fullwidth-element&#8221; margin_bottom=&#8221;0&#8243;][vc_column]<div class=\"eut-element eut-hr \" style=\"\"><div class=\"eut-line-divider\"><\/div><\/div>[\/vc_column][\/vc_row][vc_row heading_color=&#8221;light&#8221; section_type=&#8221;fullwidth-element&#8221; bg_type=&#8221;color&#8221; flex_height=&#8221;yes&#8221; margin_bottom=&#8221;0&#8243; font_color=&#8221;rgba(255,255,255,0.4)&#8221; bg_color=&#8221;#313340&#8243;][vc_column]<div class=\"eut-element eut-hr \" style=\"\"><div class=\"eut-line-divider\"><\/div><\/div><div class=\"eut-element eut-image-text eut-animated-item eut-fadeInUp\" style=\"\" data-delay=\"200\"><div class=\"eut-image\"><img width=\"2560\" height=\"1920\" src=\"https:\/\/lesjardinsdelauriol.fr\/wp-content\/uploads\/2023\/06\/20230619_192415-scaled.jpg\" class=\"attachment-full size-full\" alt=\"\" decoding=\"async\" srcset=\"https:\/\/lesjardinsdelauriol.fr\/wp-content\/uploads\/2023\/06\/20230619_192415-scaled.jpg 1x,https:\/\/lesjardinsdelauriol.fr\/wp-content\/uploads\/2023\/06\/20230618_173524-scaled.jpg 2x\" loading=\"lazy\" \/><\/div>  <div class=\"eut-content eut-align-left\"><h3>G\u00eete du lac (6 personnes)<\/h3>  <p>Le g\u00eete dispose de :<br \/>\n&#8211; 2 chambres avec lit double<br \/>\n&#8211; 1 mezzanine pouvant accueillir 4 personnes (1 lit superpos\u00e9, 1 canap\u00e9 lit).<\/p>\n<p>Le salon dispose d\u2019une cuisine toute \u00e9quip\u00e9e (frigo, four, lave vaisselle, machine \u00e0 caf\u00e9) d\u2019une t\u00e9l\u00e9vision et d\u2019un acc\u00e8s WIFI.<\/p>\n<p>La salle de bain est pourvue d\u2019une douche et d\u2019un s\u00e8che- cheveux.<\/p>  <\/div><\/div><div class=\"eut-element eut-align-right\"><a class=\"eut-btn eut-btn-medium eut-square eut-bg-primary-1\" href=\"http:\/\/lesjardinsdelauriol.fr\/index.php\/presentation-gitedulac\/\" target=\"_self\" style=\"\"><span>D\u00e9couvrir<\/span><\/a><\/div><div class=\"eut-element eut-hr \" style=\"\"><div class=\"eut-line-divider\"><\/div><\/div><div class=\"eut-element eut-image-text eut-animated-item eut-fadeInUp\" style=\"\" data-delay=\"200\">  <div class=\"eut-content eut-align-right\"><h3>G\u00eete des Pyr\u00e9n\u00e9es (6 personnes)<\/h3>  <p>Le g\u00eete est compos\u00e9 de 3 chambres spacieuses :<\/p>\n<p>La chambre jaune est \u00e9quip\u00e9 d&#8217;un lit queen size (160cm) et d&#8217;un coin lecture ;<br \/>\nLa chambre verte dispose d&#8217;un lit double ;<br \/>\nEnfin la chambre rose peut accueillir 4 voyageurs (lit superpos\u00e9 et banquette lit), il y a aussi un coin bureau ainsi qu&#8217;une partie d\u00e9di\u00e9e aux enfants.<\/p>\n<p>Le salon dispose d\u2019une cuisine toute \u00e9quip\u00e9e (frigo, four, lave vaisselle, machine \u00e0 caf\u00e9) d\u2019une t\u00e9l\u00e9vision et d\u2019un acc\u00e8s WIFI.<\/p>\n<p>La salle de bain est pourvue d\u2019une douche et d\u2019un s\u00e8che- cheveux.<\/p>  <\/div><div class=\"eut-image\"><img width=\"2560\" height=\"1920\" src=\"https:\/\/lesjardinsdelauriol.fr\/wp-content\/uploads\/2023\/10\/20230806_165707-scaled.jpg\" class=\"attachment-full size-full\" alt=\"\" decoding=\"async\" srcset=\"https:\/\/lesjardinsdelauriol.fr\/wp-content\/uploads\/2023\/10\/20230806_165707-scaled.jpg 1x,https:\/\/lesjardinsdelauriol.fr\/wp-content\/uploads\/2023\/10\/20230919_195717-scaled.jpg 2x\" loading=\"lazy\" \/><\/div><\/div><div class=\"eut-element eut-align-right\"><a class=\"eut-btn eut-btn-medium eut-square eut-bg-primary-1\" href=\"https:\/\/lesjardinsdelauriol.fr\/index.php\/presentation-gite-des-pyrenees\/\" target=\"_self\" style=\"\"><span>D\u00e9couvrir<\/span><\/a><\/div>[\/vc_column][\/vc_row][vc_row heading_color=&#8221;grey&#8221; bg_type=&#8221;color&#8221; padding_top=&#8221;150&#8243; padding_bottom=&#8221;150&#8243; margin_bottom=&#8221;0&#8243; bg_color=&#8221;#ffffff&#8221; font_color=&#8221;#000000&#8243;][vc_column width=&#8221;1\/4&#8243; css=&#8221;.vc_custom_1438867773509{border-right-width: 1px !important;border-right-color: #474747 !important;border-right-style: solid !important;}&#8221;]<div class=\"eut-element eut-counter eut-align-center eut-animated-item eut-fadeInUp\" style=\"\" data-delay=\"400\">  <div class=\"eut-counter-content\">    <div class=\"eut-counter-item eut-color-grey eut-small\">      <span data-thousands-separator-vis=\"\" data-thousands-separator=\",\" data-prefix=\"\" data-suffix=\"\" data-start-val=\"0\" data-end-val=\"26\" data-decimal-points=\"0\" data-decimal-separator=\".\">0<\/span>    <\/div>\t<h5 class=\"eut-counter-title\">minutes du village de Carla Bayle<\/h5>  <\/div><\/div>[\/vc_column][vc_column width=&#8221;1\/4&#8243; css=&#8221;.vc_custom_1438867780821{border-right-width: 1px !important;border-right-color: #474747 !important;border-right-style: solid !important;}&#8221;]<div class=\"eut-element eut-counter eut-align-center eut-animated-item eut-fadeInUp\" style=\"\" data-delay=\"800\">  <div class=\"eut-counter-content\">    <div class=\"eut-counter-item eut-color-grey eut-small\">      <span data-thousands-separator-vis=\"\" data-thousands-separator=\",\" data-prefix=\"\" data-suffix=\"\" data-start-val=\"0\" data-end-val=\"35\" data-decimal-points=\"0\" data-decimal-separator=\".\">0<\/span>    <\/div>\t<h5 class=\"eut-counter-title\">minutes de la rivi\u00e8re souterraine de Labouiche<\/h5>  <\/div><\/div>[\/vc_column][vc_column width=&#8221;1\/4&#8243; css=&#8221;.vc_custom_1438867787041{border-right-width: 1px !important;border-right-color: #474747 !important;border-right-style: solid !important;}&#8221;]<div class=\"eut-element eut-counter eut-align-center eut-animated-item eut-fadeInUp\" style=\"\" data-delay=\"1200\">  <div class=\"eut-counter-content\">    <div class=\"eut-counter-item eut-color-grey eut-small\">      <span data-thousands-separator-vis=\"\" data-thousands-separator=\",\" data-prefix=\"\" data-suffix=\"\" data-start-val=\"0\" data-end-val=\"37\" data-decimal-points=\"0\" data-decimal-separator=\".\">0<\/span>    <\/div>\t<h5 class=\"eut-counter-title\">minutes de la grotte du Mas d'Azil<\/h5>  <\/div><\/div>[\/vc_column][vc_column width=&#8221;1\/4&#8243;]<div class=\"eut-element eut-counter eut-align-center eut-animated-item eut-fadeInUp\" style=\"\" data-delay=\"1600\">  <div class=\"eut-counter-content\">    <div class=\"eut-counter-item eut-color-grey eut-small\">      <span data-thousands-separator-vis=\"\" data-thousands-separator=\",\" data-prefix=\"\" data-suffix=\"\" data-start-val=\"0\" data-end-val=\"40\" data-decimal-points=\"0\" data-decimal-separator=\".\">0<\/span>    <\/div>\t<h5 class=\"eut-counter-title\">minutes du chateau de Foix et du march\u00e9 de Mirepoix<\/h5>  <\/div><\/div>[\/vc_column][\/vc_row]<\/p>\n<\/section>","protected":false},"excerpt":{"rendered":"<p>[vc_row header_feature=&#8221;yes&#8221; padding_top=&#8221;120&#8243; padding_bottom=&#8221;120&#8243; margin_bottom=&#8221;0&#8243;][vc_column][vc_column_text animation=&#8221;fadeInLeft&#8221;]Bienvenue en Ari\u00e8ge[\/vc_column_text][vc_column_text text_style=&#8221;leader-text&#8221; animation=&#8221;fadeInLeft&#8221; animation_delay=&#8221;250&#8243;]Nous sommes heureux de vous accueillir au c\u0153ur du terrefort Ari\u00e9geois et son paysage typique de douces collines agricoles, dans le village d\u2019Unzent avec vue imprenable sur les Pyr\u00e9n\u00e9es. Au c\u0153ur d\u2019un domaine de 5 hectares vous viendrez partager avec nous un moment de calme [&hellip;]<\/p>\n","protected":false},"author":1,"featured_media":0,"parent":0,"menu_order":0,"comment_status":"closed","ping_status":"closed","template":"","meta":{"footnotes":""},"_links":{"self":[{"href":"https:\/\/lesjardinsdelauriol.fr\/index.php\/wp-json\/wp\/v2\/pages\/2798"}],"collection":[{"href":"https:\/\/lesjardinsdelauriol.fr\/index.php\/wp-json\/wp\/v2\/pages"}],"about":[{"href":"https:\/\/lesjardinsdelauriol.fr\/index.php\/wp-json\/wp\/v2\/types\/page"}],"author":[{"embeddable":true,"href":"https:\/\/lesjardinsdelauriol.fr\/index.php\/wp-json\/wp\/v2\/users\/1"}],"replies":[{"embeddable":true,"href":"https:\/\/lesjardinsdelauriol.fr\/index.php\/wp-json\/wp\/v2\/comments?post=2798"}],"version-history":[{"count":51,"href":"https:\/\/lesjardinsdelauriol.fr\/index.php\/wp-json\/wp\/v2\/pages\/2798\/revisions"}],"predecessor-version":[{"id":6746,"href":"https:\/\/lesjardinsdelauriol.fr\/index.php\/wp-json\/wp\/v2\/pages\/2798\/revisions\/6746"}],"wp:attachment":[{"href":"https:\/\/lesjardinsdelauriol.fr\/index.php\/wp-json\/wp\/v2\/media?parent=2798"}],"curies":[{"name":"wp","href":"https:\/\/api.w.org\/{rel}","templated":true}]}}